{"id":2,"date":"2016-05-10T03:48:21","date_gmt":"2016-05-10T03:48:21","guid":{"rendered":"http:\/\/prand-stritzko.at\/?page_id=2"},"modified":"2022-08-23T12:41:33","modified_gmt":"2022-08-23T12:41:33","slug":"blog","status":"publish","type":"page","link":"https:\/\/prand-stritzko.at\/?page_id=2","title":{"rendered":"Produkte"},"content":{"rendered":"\t\t<div data-elementor-type=\"wp-page\" data-elementor-id=\"2\" class=\"elementor elementor-2\">\n\t\t\t\t\t\t<section class=\"elementor-section elementor-top-section elementor-element elementor-element-0283922 elementor-section-boxed elementor-section-height-default elementor-section-height-default\" data-id=\"0283922\" data-element_type=\"section\">\n\t\t\t\t\t\t<div class=\"elementor-container elementor-column-gap-default\">\n\t\t\t\t\t<div class=\"elementor-column elementor-col-100 elementor-top-column elementor-element elementor-element-9e938c9\" data-id=\"9e938c9\" data-element_type=\"column\">\n\t\t\t<div class=\"elementor-widget-wrap elementor-element-populated\">\n\t\t\t\t\t\t<div class=\"elementor-element elementor-element-8edfa42 elementor-widget elementor-widget-heading\" data-id=\"8edfa42\" data-element_type=\"widget\" data-widget_type=\"heading.default\">\n\t\t\t\t<div class=\"elementor-widget-container\">\n\t\t\t\t\t<h2 class=\"elementor-heading-title elementor-size-default\">Eier<\/h2>\t\t\t\t<\/div>\n\t\t\t\t<\/div>\n\t\t\t\t\t<\/div>\n\t\t<\/div>\n\t\t\t\t\t<\/div>\n\t\t<\/section>\n\t\t\t\t<section class=\"elementor-section elementor-top-section elementor-element elementor-element-97cdd7f elementor-section-boxed elementor-section-height-default elementor-section-height-default\" data-id=\"97cdd7f\" data-element_type=\"section\">\n\t\t\t\t\t\t<div class=\"elementor-container elementor-column-gap-default\">\n\t\t\t\t\t<div class=\"elementor-column elementor-col-100 elementor-top-column elementor-element elementor-element-18ff9b8\" data-id=\"18ff9b8\" data-element_type=\"column\">\n\t\t\t<div class=\"elementor-widget-wrap elementor-element-populated\">\n\t\t\t\t\t\t<section class=\"elementor-section elementor-inner-section elementor-element elementor-element-6b4cf35 elementor-section-boxed elementor-section-height-default elementor-section-height-default\" data-id=\"6b4cf35\" data-element_type=\"section\">\n\t\t\t\t\t\t<div class=\"elementor-container elementor-column-gap-default\">\n\t\t\t\t\t<div class=\"elementor-column elementor-col-50 elementor-inner-column elementor-element elementor-element-956dcef\" data-id=\"956dcef\" data-element_type=\"column\">\n\t\t\t<div class=\"elementor-widget-wrap elementor-element-populated\">\n\t\t\t\t\t\t<div class=\"elementor-element elementor-element-acf02be elementor-widget elementor-widget-text-editor\" data-id=\"acf02be\" data-element_type=\"widget\" data-widget_type=\"text-editor.default\">\n\t\t\t\t<div class=\"elementor-widget-container\">\n\t\t\t\t\t\t\t\t\t<p>In unseren beiden Stallungen halten wir Herden der Rasse LOHMANN Braun. Die H\u00fchner der Rasse LOHMANN Braun legen sattbraune Eier. Die Eisorte zeichnet sich durch eine sch\u00f6ne Dotterfarbe, robuste Schale und hervorragenden Geschmack aus.&nbsp;<\/p>\n<p><span style=\"color: var( --e-global-color-text ); font-family: var( --e-global-typography-text-font-family ), Sans-serif; font-weight: var( --e-global-typography-text-font-weight );\">Mit unseren frischen Eiern beliefern wir die regionale Hotellerie und Gastronomie, sowie B\u00e4ckereibetriebe und den Lebensmitteleinzelhandel in der Region.&nbsp;<\/span><\/p>\n<p>Unsere treuen Stammkunden sch\u00e4tzen au\u00dferdem den Ab-Hof-Verkauf in Selbstbedienung.<\/p>\n<p>Der \u00dcberschuss an Eiern wird von einem Gro\u00dfh\u00e4ndler abgeholt und gelangt so \u00f6sterreichweit in den Lebensmitteleinzelhandel. Damit unsere Eier auch bei Spar gelistet werden, wird ein j\u00e4hrliches Audit durchgef\u00fchrt, das \u00fcber die AMA-Standards hinausgeht.<\/p>\n<p>Sie erkennen unsere Eier am Stempel mit den Nummern 1AT1720821 (Freiland) bzw. 2AT1720821 (Bodenhaltung)<\/p>\t\t\t\t\t\t\t\t<\/div>\n\t\t\t\t<\/div>\n\t\t\t\t\t<\/div>\n\t\t<\/div>\n\t\t\t\t<div class=\"elementor-column elementor-col-50 elementor-inner-column elementor-element elementor-element-48a77d6\" data-id=\"48a77d6\" data-element_type=\"column\">\n\t\t\t<div class=\"elementor-widget-wrap elementor-element-populated\">\n\t\t\t\t\t\t<div class=\"elementor-element elementor-element-70b00d9 elementor-widget elementor-widget-image\" data-id=\"70b00d9\" data-element_type=\"widget\" data-widget_type=\"image.default\">\n\t\t\t\t<div class=\"elementor-widget-container\">\n\t\t\t\t\t\t\t\t\t\t\t\t<figure class=\"wp-caption\">\n\t\t\t\t\t\t\t\t\t\t\t<a href=\"http:\/\/prand-stritzko.at\/wp-content\/uploads\/2020\/06\/Die-oesterreichischen-Landwirte-freu-e1615641694781.jpg\" data-elementor-open-lightbox=\"yes\" data-elementor-lightbox-title=\"Verleihung Spar Zertifikat\" data-e-action-hash=\"#elementor-action%3Aaction%3Dlightbox%26settings%3DeyJpZCI6MTAxLCJ1cmwiOiJodHRwczpcL1wvcHJhbmQtc3RyaXR6a28uYXRcL3dwLWNvbnRlbnRcL3VwbG9hZHNcLzIwMjBcLzA2XC9EaWUtb2VzdGVycmVpY2hpc2NoZW4tTGFuZHdpcnRlLWZyZXUtZTE2MTU2NDE2OTQ3ODEuanBnIn0%3D\">\n\t\t\t\t\t\t\t<img fetchpriority=\"high\" decoding=\"async\" width=\"300\" height=\"225\" src=\"https:\/\/prand-stritzko.at\/wp-content\/uploads\/2020\/06\/Die-oesterreichischen-Landwirte-freu-e1615641694781-300x225.jpg\" class=\"attachment-medium size-medium wp-image-101\" alt=\"\" srcset=\"https:\/\/prand-stritzko.at\/wp-content\/uploads\/2020\/06\/Die-oesterreichischen-Landwirte-freu-e1615641694781-300x225.jpg 300w, https:\/\/prand-stritzko.at\/wp-content\/uploads\/2020\/06\/Die-oesterreichischen-Landwirte-freu-e1615641694781-1024x769.jpg 1024w, https:\/\/prand-stritzko.at\/wp-content\/uploads\/2020\/06\/Die-oesterreichischen-Landwirte-freu-e1615641694781-768x577.jpg 768w, https:\/\/prand-stritzko.at\/wp-content\/uploads\/2020\/06\/Die-oesterreichischen-Landwirte-freu-e1615641694781.jpg 1500w\" sizes=\"(max-width: 300px) 100vw, 300px\" \/>\t\t\t\t\t\t\t\t<\/a>\n\t\t\t\t\t\t\t\t\t\t\t<figcaption class=\"widget-image-caption wp-caption-text\">Verleihung Spar Zertifikat<\/figcaption>\n\t\t\t\t\t\t\t\t\t\t<\/figure>\n\t\t\t\t\t\t\t\t\t<\/div>\n\t\t\t\t<\/div>\n\t\t\t\t<div class=\"elementor-element elementor-element-e97160e elementor-widget-divider--view-line elementor-widget elementor-widget-divider\" data-id=\"e97160e\" data-element_type=\"widget\" data-widget_type=\"divider.default\">\n\t\t\t\t<div class=\"elementor-widget-container\">\n\t\t\t\t\t\t\t<div class=\"elementor-divider\">\n\t\t\t<span class=\"elementor-divider-separator\">\n\t\t\t\t\t\t<\/span>\n\t\t<\/div>\n\t\t\t\t\t\t<\/div>\n\t\t\t\t<\/div>\n\t\t\t\t<div class=\"elementor-element elementor-element-e6785aa elementor-align-center elementor-widget elementor-widget-button\" data-id=\"e6785aa\" data-element_type=\"widget\" data-widget_type=\"button.default\">\n\t\t\t\t<div class=\"elementor-widget-container\">\n\t\t\t\t\t\t\t\t\t<div class=\"elementor-button-wrapper\">\n\t\t\t\t\t<a class=\"elementor-button elementor-button-link elementor-size-md elementor-animation-grow\" href=\"mailto:bestellung@prand-stritzko.at\">\n\t\t\t\t\t\t<span class=\"elementor-button-content-wrapper\">\n\t\t\t\t\t\t<span class=\"elementor-button-icon\">\n\t\t\t\t<i aria-hidden=\"true\" class=\"fas fa-mail-bulk\"><\/i>\t\t\t<\/span>\n\t\t\t\t\t\t\t\t\t<span class=\"elementor-button-text\">Bestellen per E-Mail<\/span>\n\t\t\t\t\t<\/span>\n\t\t\t\t\t<\/a>\n\t\t\t\t<\/div>\n\t\t\t\t\t\t\t\t<\/div>\n\t\t\t\t<\/div>\n\t\t\t\t<div class=\"elementor-element elementor-element-a2b58a3 elementor-widget-divider--view-line elementor-widget elementor-widget-divider\" data-id=\"a2b58a3\" data-element_type=\"widget\" data-widget_type=\"divider.default\">\n\t\t\t\t<div class=\"elementor-widget-container\">\n\t\t\t\t\t\t\t<div class=\"elementor-divider\">\n\t\t\t<span class=\"elementor-divider-separator\">\n\t\t\t\t\t\t<\/span>\n\t\t<\/div>\n\t\t\t\t\t\t<\/div>\n\t\t\t\t<\/div>\n\t\t\t\t<div class=\"elementor-element elementor-element-5e815dc elementor-align-center elementor-widget elementor-widget-button\" data-id=\"5e815dc\" data-element_type=\"widget\" data-widget_type=\"button.default\">\n\t\t\t\t<div class=\"elementor-widget-container\">\n\t\t\t\t\t\t\t\t\t<div class=\"elementor-button-wrapper\">\n\t\t\t\t\t<a class=\"elementor-button elementor-button-link elementor-size-md elementor-animation-grow\" href=\"tel:+436647939473\" target=\"_blank\">\n\t\t\t\t\t\t<span class=\"elementor-button-content-wrapper\">\n\t\t\t\t\t\t<span class=\"elementor-button-icon\">\n\t\t\t\t<i aria-hidden=\"true\" class=\"fas fa-phone\"><\/i>\t\t\t<\/span>\n\t\t\t\t\t\t\t\t\t<span class=\"elementor-button-text\">Bestellen per Telefon<\/span>\n\t\t\t\t\t<\/span>\n\t\t\t\t\t<\/a>\n\t\t\t\t<\/div>\n\t\t\t\t\t\t\t\t<\/div>\n\t\t\t\t<\/div>\n\t\t\t\t<div class=\"elementor-element elementor-element-75e4647 elementor-widget-divider--view-line elementor-widget elementor-widget-divider\" data-id=\"75e4647\" data-element_type=\"widget\" data-widget_type=\"divider.default\">\n\t\t\t\t<div class=\"elementor-widget-container\">\n\t\t\t\t\t\t\t<div class=\"elementor-divider\">\n\t\t\t<span class=\"elementor-divider-separator\">\n\t\t\t\t\t\t<\/span>\n\t\t<\/div>\n\t\t\t\t\t\t<\/div>\n\t\t\t\t<\/div>\n\t\t\t\t<div class=\"elementor-element elementor-element-396f292 elementor-align-center elementor-widget elementor-widget-button\" data-id=\"396f292\" data-element_type=\"widget\" data-widget_type=\"button.default\">\n\t\t\t\t<div class=\"elementor-widget-container\">\n\t\t\t\t\t\t\t\t\t<div class=\"elementor-button-wrapper\">\n\t\t\t\t\t<a class=\"elementor-button elementor-button-link elementor-size-md elementor-animation-grow\" href=\"https:\/\/bauernladen.at\/produzenten\/familienbetrieb-prand-stritzko-7383\" target=\"_blank\">\n\t\t\t\t\t\t<span class=\"elementor-button-content-wrapper\">\n\t\t\t\t\t\t<span class=\"elementor-button-icon\">\n\t\t\t\t<i aria-hidden=\"true\" class=\"fas fa-shopping-basket\"><\/i>\t\t\t<\/span>\n\t\t\t\t\t\t\t\t\t<span class=\"elementor-button-text\">Bauernladen Webshop<\/span>\n\t\t\t\t\t<\/span>\n\t\t\t\t\t<\/a>\n\t\t\t\t<\/div>\n\t\t\t\t\t\t\t\t<\/div>\n\t\t\t\t<\/div>\n\t\t\t\t\t<\/div>\n\t\t<\/div>\n\t\t\t\t\t<\/div>\n\t\t<\/section>\n\t\t\t\t<div class=\"elementor-element elementor-element-c09095d elementor-widget-divider--view-line elementor-widget elementor-widget-divider\" data-id=\"c09095d\" data-element_type=\"widget\" data-widget_type=\"divider.default\">\n\t\t\t\t<div class=\"elementor-widget-container\">\n\t\t\t\t\t\t\t<div class=\"elementor-divider\">\n\t\t\t<span class=\"elementor-divider-separator\">\n\t\t\t\t\t\t<\/span>\n\t\t<\/div>\n\t\t\t\t\t\t<\/div>\n\t\t\t\t<\/div>\n\t\t\t\t\t<\/div>\n\t\t<\/div>\n\t\t\t\t\t<\/div>\n\t\t<\/section>\n\t\t\t\t<section class=\"elementor-section elementor-top-section elementor-element elementor-element-a17f7cc elementor-section-boxed elementor-section-height-default elementor-section-height-default\" data-id=\"a17f7cc\" data-element_type=\"section\">\n\t\t\t\t\t\t<div class=\"elementor-container elementor-column-gap-default\">\n\t\t\t\t\t<div class=\"elementor-column elementor-col-100 elementor-top-column elementor-element elementor-element-d78f40d\" data-id=\"d78f40d\" data-element_type=\"column\">\n\t\t\t<div class=\"elementor-widget-wrap elementor-element-populated\">\n\t\t\t\t\t\t<div class=\"elementor-element elementor-element-fb52bb1 elementor-widget elementor-widget-heading\" data-id=\"fb52bb1\" data-element_type=\"widget\" data-widget_type=\"heading.default\">\n\t\t\t\t<div class=\"elementor-widget-container\">\n\t\t\t\t\t<h2 class=\"elementor-heading-title elementor-size-default\">Ostereier<\/h2>\t\t\t\t<\/div>\n\t\t\t\t<\/div>\n\t\t\t\t\t<\/div>\n\t\t<\/div>\n\t\t\t\t\t<\/div>\n\t\t<\/section>\n\t\t\t\t<section class=\"elementor-section elementor-top-section elementor-element elementor-element-4c69d33 elementor-section-boxed elementor-section-height-default elementor-section-height-default\" data-id=\"4c69d33\" data-element_type=\"section\">\n\t\t\t\t\t\t<div class=\"elementor-container elementor-column-gap-default\">\n\t\t\t\t\t<div class=\"elementor-column elementor-col-100 elementor-top-column elementor-element elementor-element-290130b\" data-id=\"290130b\" data-element_type=\"column\">\n\t\t\t<div class=\"elementor-widget-wrap elementor-element-populated\">\n\t\t\t\t\t\t<section class=\"elementor-section elementor-inner-section elementor-element elementor-element-e157830 elementor-section-boxed elementor-section-height-default elementor-section-height-default\" data-id=\"e157830\" data-element_type=\"section\">\n\t\t\t\t\t\t<div class=\"elementor-container elementor-column-gap-default\">\n\t\t\t\t\t<div class=\"elementor-column elementor-col-50 elementor-inner-column elementor-element elementor-element-898c988\" data-id=\"898c988\" data-element_type=\"column\">\n\t\t\t<div class=\"elementor-widget-wrap elementor-element-populated\">\n\t\t\t\t\t\t<div class=\"elementor-element elementor-element-eaabdef elementor-widget elementor-widget-text-editor\" data-id=\"eaabdef\" data-element_type=\"widget\" data-widget_type=\"text-editor.default\">\n\t\t\t\t<div class=\"elementor-widget-container\">\n\t\t\t\t\t\t\t\t\t<p>In der Osterzeit bringen wir einen Teil unserer Eier zu einer nieder\u00f6sterreichischen Traditionsf\u00e4rberei.\u00a0<\/p><p>Dort werden die frischen Eier \u00fcber Dampf gekocht und mit hochqualitativer Farbe bespr\u00fcht um diese auch haltbar zu machen.<\/p><p>Ab drei Wochen vor Ostern sind gef\u00e4rbte Eier in unserem Ab-Hof-Laden erh\u00e4ltlich.<\/p>\t\t\t\t\t\t\t\t<\/div>\n\t\t\t\t<\/div>\n\t\t\t\t\t<\/div>\n\t\t<\/div>\n\t\t\t\t<div class=\"elementor-column elementor-col-50 elementor-inner-column elementor-element elementor-element-0b6950c\" data-id=\"0b6950c\" data-element_type=\"column\">\n\t\t\t<div class=\"elementor-widget-wrap elementor-element-populated\">\n\t\t\t\t\t\t<div class=\"elementor-element elementor-element-9c03635 elementor-widget elementor-widget-image\" data-id=\"9c03635\" data-element_type=\"widget\" data-widget_type=\"image.default\">\n\t\t\t\t<div class=\"elementor-widget-container\">\n\t\t\t\t\t\t\t\t\t\t\t\t<figure class=\"wp-caption\">\n\t\t\t\t\t\t\t\t\t\t\t<a href=\"http:\/\/prand-stritzko.at\/wp-content\/uploads\/2021\/04\/20210403_145538-rotated-e1617459073913.jpg\" data-elementor-open-lightbox=\"yes\" data-elementor-lightbox-title=\"20210403_145538\" data-e-action-hash=\"#elementor-action%3Aaction%3Dlightbox%26settings%3DeyJpZCI6NDM0LCJ1cmwiOiJodHRwczpcL1wvcHJhbmQtc3RyaXR6a28uYXRcL3dwLWNvbnRlbnRcL3VwbG9hZHNcLzIwMjFcLzA0XC8yMDIxMDQwM18xNDU1Mzgtcm90YXRlZC1lMTYxNzQ1OTA3MzkxMy5qcGcifQ%3D%3D\">\n\t\t\t\t\t\t\t<img decoding=\"async\" width=\"300\" height=\"225\" src=\"https:\/\/prand-stritzko.at\/wp-content\/uploads\/2021\/04\/20210403_145538-rotated-e1617459073913.jpg\" class=\"attachment-medium size-medium wp-image-434\" alt=\"\" \/>\t\t\t\t\t\t\t\t<\/a>\n\t\t\t\t\t\t\t\t\t\t\t<figcaption class=\"widget-image-caption wp-caption-text\">Ostereier in bunten Farben<\/figcaption>\n\t\t\t\t\t\t\t\t\t\t<\/figure>\n\t\t\t\t\t\t\t\t\t<\/div>\n\t\t\t\t<\/div>\n\t\t\t\t\t<\/div>\n\t\t<\/div>\n\t\t\t\t\t<\/div>\n\t\t<\/section>\n\t\t\t\t\t<\/div>\n\t\t<\/div>\n\t\t\t\t\t<\/div>\n\t\t<\/section>\n\t\t\t\t<section class=\"elementor-section elementor-top-section elementor-element elementor-element-d2cfd6a elementor-section-boxed elementor-section-height-default elementor-section-height-default\" data-id=\"d2cfd6a\" data-element_type=\"section\">\n\t\t\t\t\t\t<div class=\"elementor-container elementor-column-gap-default\">\n\t\t\t\t\t<div class=\"elementor-column elementor-col-100 elementor-top-column elementor-element elementor-element-3e744c4\" data-id=\"3e744c4\" data-element_type=\"column\">\n\t\t\t<div class=\"elementor-widget-wrap elementor-element-populated\">\n\t\t\t\t\t\t<div class=\"elementor-element elementor-element-dcd4866 elementor-widget-divider--view-line elementor-widget elementor-widget-divider\" data-id=\"dcd4866\" data-element_type=\"widget\" data-widget_type=\"divider.default\">\n\t\t\t\t<div class=\"elementor-widget-container\">\n\t\t\t\t\t\t\t<div class=\"elementor-divider\">\n\t\t\t<span class=\"elementor-divider-separator\">\n\t\t\t\t\t\t<\/span>\n\t\t<\/div>\n\t\t\t\t\t\t<\/div>\n\t\t\t\t<\/div>\n\t\t\t\t\t<\/div>\n\t\t<\/div>\n\t\t\t\t\t<\/div>\n\t\t<\/section>\n\t\t\t\t<\/div>\n\t\t","protected":false},"excerpt":{"rendered":"<p>Eier In unseren beiden Stallungen halten wir Herden der Rasse LOHMANN Braun. Die H\u00fchner der Rasse LOHMANN Braun legen sattbraune Eier. Die Eisorte zeichnet sich durch eine sch\u00f6ne Dotterfarbe, robuste Schale und hervorragenden Geschmack aus.&nbsp; Mit unseren frischen Eiern beliefern wir die regionale Hotellerie und Gastronomie, sowie B\u00e4ckereibetriebe und den Lebensmitteleinzelhandel in der Region.&nbsp; Unsere &#8230; <a title=\"Produkte\" class=\"read-more\" href=\"https:\/\/prand-stritzko.at\/?page_id=2\" aria-label=\"Mehr dazu unter Produkte\">Weiterlesen<\/a><\/p>\n","protected":false},"author":1,"featured_media":0,"parent":0,"menu_order":0,"comment_status":"closed","ping_status":"closed","template":"","meta":{"footnotes":""},"_links":{"self":[{"href":"https:\/\/prand-stritzko.at\/index.php?rest_route=\/wp\/v2\/pages\/2"}],"collection":[{"href":"https:\/\/prand-stritzko.at\/index.php?rest_route=\/wp\/v2\/pages"}],"about":[{"href":"https:\/\/prand-stritzko.at\/index.php?rest_route=\/wp\/v2\/types\/page"}],"author":[{"embeddable":true,"href":"https:\/\/prand-stritzko.at\/index.php?rest_route=\/wp\/v2\/users\/1"}],"replies":[{"embeddable":true,"href":"https:\/\/prand-stritzko.at\/index.php?rest_route=%2Fwp%2Fv2%2Fcomments&post=2"}],"version-history":[{"count":139,"href":"https:\/\/prand-stritzko.at\/index.php?rest_route=\/wp\/v2\/pages\/2\/revisions"}],"predecessor-version":[{"id":452,"href":"https:\/\/prand-stritzko.at\/index.php?rest_route=\/wp\/v2\/pages\/2\/revisions\/452"}],"wp:attachment":[{"href":"https:\/\/prand-stritzko.at\/index.php?rest_route=%2Fwp%2Fv2%2Fmedia&parent=2"}],"curies":[{"name":"wp","href":"https:\/\/api.w.org\/{rel}","templated":true}]}}