{"id":459,"date":"2022-08-25T09:53:32","date_gmt":"2022-08-25T09:53:32","guid":{"rendered":"https:\/\/prand-stritzko.at\/?page_id=459"},"modified":"2022-08-31T09:56:50","modified_gmt":"2022-08-31T09:56:50","slug":"impressum","status":"publish","type":"page","link":"https:\/\/prand-stritzko.at\/?page_id=459","title":{"rendered":"Impressum"},"content":{"rendered":"\t\t<div data-elementor-type=\"wp-page\" data-elementor-id=\"459\" class=\"elementor elementor-459\">\n\t\t\t\t\t\t<section class=\"elementor-section elementor-top-section elementor-element elementor-element-34a9418 elementor-section-boxed elementor-section-height-default elementor-section-height-default\" data-id=\"34a9418\" data-element_type=\"section\">\n\t\t\t\t\t\t<div class=\"elementor-container elementor-column-gap-default\">\n\t\t\t\t\t<div class=\"elementor-column elementor-col-100 elementor-top-column elementor-element elementor-element-28b407d\" data-id=\"28b407d\" data-element_type=\"column\">\n\t\t\t<div class=\"elementor-widget-wrap elementor-element-populated\">\n\t\t\t\t\t\t<div class=\"elementor-element elementor-element-f88b29b elementor-widget elementor-widget-text-editor\" data-id=\"f88b29b\" data-element_type=\"widget\" data-widget_type=\"text-editor.default\">\n\t\t\t\t<div class=\"elementor-widget-container\">\n\t\t\t\t\t\t\t\t\t<p>Informationen und Offenlegung gem\u00e4\u00df \u00a75 (1) ECG, \u00a7 25 MedienG, \u00a7 63 GewO und \u00a7 14 UGB<\/p><p><b>Webseitenbetreiber:<\/b> Erich und Luzia Prand-Stritzko<\/p><p><b>Anschrift:<\/b> Langau 124, 2091 Langau<\/p><p><b>Kontaktdaten:<\/b>\u00a0 <br \/>Email: betrieb@prand-stritzko.at<\/p><p><b>Anwendbare Rechtsvorschrift:<\/b> www.ris.bka.gv.at<\/p><p><b>Online Streitbeilegung:<\/b> Verbraucher, welche in \u00d6sterreich oder in einem sonstigen Vertragsstaat der ODR-VO niedergelassen sind, haben die M\u00f6glichkeit Probleme bez\u00fcglich dem entgeltlichen Kauf von Waren oder Dienstleistungen im Rahmen einer Online-Streitbeilegung (nach OS, AStG) zu l\u00f6sen. Die Europa\u0308ische Kommission stellt eine Plattform hierf\u00fcr bereit: https:\/\/ec.europa.eu\/consumers\/odr<\/p><p><b>Urheberrecht:<\/b> Die Inhalte dieser Webseite unterliegen, soweit dies rechtlich m\u00f6glich ist, diversen Schutzrechten (z.B dem Urheberrecht). Jegliche Verwendung\/Verbreitung von bereitgestelltem Material, welche urheberrechtlich untersagt ist, bedarf schriftlicher Zustimmung des Webseitenbetreibers.<\/p><p><b>Haftungsausschluss:<\/b> Trotz sorgf\u00e4ltiger inhaltlicher Kontrolle \u00fcbernimmt der Webseitenbetreiber dieser Webseite keine Haftung f\u00fcr die Inhalte externer Links. F\u00fcr den Inhalt der verlinkten Seiten sind ausschlie\u00dflich deren Betreiber verantwortlich. Sollten Sie dennoch auf ausgehende Links aufmerksam werden, welche auf eine Webseite mit rechtswidriger T\u00e4tigkeit\/Information verweisen, ersuchen wir um dementsprechenden Hinweis, um diese nach \u00a7 17 Abs. 2 ECG umgehend zu entfernen.<br \/>Die Urheberrechte Dritter werden vom Betreiber dieser Webseite mit gr\u00f6\u00dfter Sorgfalt beachtet. Sollten Sie trotzdem auf eine Urheberrechtsverletzung aufmerksam werden, bitten wir um einen entsprechenden Hinweis. Bei Bekanntwerden derartiger Rechtsverletzungen werden wir den betroffenen Inhalt umgehend entfernen.<b><\/b><\/p><p>Quelle: <a href=\"https:\/\/fairesRecht.at\"> fairesRecht.at<\/a><\/p>\t\t\t\t\t\t\t\t<\/div>\n\t\t\t\t<\/div>\n\t\t\t\t\t<\/div>\n\t\t<\/div>\n\t\t\t\t\t<\/div>\n\t\t<\/section>\n\t\t\t\t<\/div>\n\t\t","protected":false},"excerpt":{"rendered":"<p>Informationen und Offenlegung gem\u00e4\u00df \u00a75 (1) ECG, \u00a7 25 MedienG, \u00a7 63 GewO und \u00a7 14 UGB Webseitenbetreiber: Erich und Luzia Prand-Stritzko Anschrift: Langau 124, 2091 Langau Kontaktdaten:\u00a0 Email: betrieb@prand-stritzko.at Anwendbare Rechtsvorschrift: www.ris.bka.gv.at Online Streitbeilegung: Verbraucher, welche in \u00d6sterreich oder in einem sonstigen Vertragsstaat der ODR-VO niedergelassen sind, haben die M\u00f6glichkeit Probleme bez\u00fcglich dem entgeltlichen &#8230; <a title=\"Impressum\" class=\"read-more\" href=\"https:\/\/prand-stritzko.at\/?page_id=459\" aria-label=\"Mehr dazu unter Impressum\">Weiterlesen<\/a><\/p>\n","protected":false},"author":2,"featured_media":0,"parent":0,"menu_order":0,"comment_status":"closed","ping_status":"closed","template":"","meta":{"footnotes":""},"_links":{"self":[{"href":"https:\/\/prand-stritzko.at\/index.php?rest_route=\/wp\/v2\/pages\/459"}],"collection":[{"href":"https:\/\/prand-stritzko.at\/index.php?rest_route=\/wp\/v2\/pages"}],"about":[{"href":"https:\/\/prand-stritzko.at\/index.php?rest_route=\/wp\/v2\/types\/page"}],"author":[{"embeddable":true,"href":"https:\/\/prand-stritzko.at\/index.php?rest_route=\/wp\/v2\/users\/2"}],"replies":[{"embeddable":true,"href":"https:\/\/prand-stritzko.at\/index.php?rest_route=%2Fwp%2Fv2%2Fcomments&post=459"}],"version-history":[{"count":31,"href":"https:\/\/prand-stritzko.at\/index.php?rest_route=\/wp\/v2\/pages\/459\/revisions"}],"predecessor-version":[{"id":512,"href":"https:\/\/prand-stritzko.at\/index.php?rest_route=\/wp\/v2\/pages\/459\/revisions\/512"}],"wp:attachment":[{"href":"https:\/\/prand-stritzko.at\/index.php?rest_route=%2Fwp%2Fv2%2Fmedia&parent=459"}],"curies":[{"name":"wp","href":"https:\/\/api.w.org\/{rel}","templated":true}]}}